{"id":171,"date":"2025-07-03T21:29:03","date_gmt":"2025-07-03T21:29:03","guid":{"rendered":"https:\/\/ventas.fotochema.org\/?post_type=product&#038;p=171"},"modified":"2025-09-12T23:56:41","modified_gmt":"2025-09-12T21:56:41","slug":"usovieja","status":"publish","type":"product","link":"https:\/\/ventas.fotochema.org\/index.php\/producto\/usovieja\/","title":{"rendered":"El Uso de la Vieja"},"content":{"rendered":"<p data-start=\"251\" data-end=\"555\">Conocida como \u201cEl Uso de la vieja\u201d, esta formaci\u00f3n natural en Mazarete, moldeada por siglos de erosi\u00f3n, se alza como una aut\u00e9ntica <em data-start=\"382\" data-end=\"401\">chimenea de hadas<\/em> en el paisaje. Bajo la V\u00eda L\u00e1ctea, su silueta nos recuerda que la naturaleza tambi\u00e9n es arquitecta de maravillas.<\/p>\n<p data-start=\"557\" data-end=\"695\">Impresi\u00f3n en materiales de alta calidad, con m\u00e1xima fidelidad crom\u00e1tica y durabilidad.<br data-start=\"647\" data-end=\"650\" \/>Edici\u00f3n limitada, numerada y certificada.<\/p>\n","protected":false},"excerpt":{"rendered":"<p>Impresi\u00f3n en materiales de alta calidad, con m\u00e1xima fidelidad crom\u00e1tica y durabilidad.<br data-start=\"647\" data-end=\"650\" \/>Edici\u00f3n limitada, numerada y certificada.<\/p>\n<p>&nbsp;<\/p>\n","protected":false},"featured_media":359,"template":"","meta":[],"product_brand":[33],"product_cat":[26,28],"product_tag":[31,29],"class_list":{"0":"post-171","1":"product","2":"type-product","3":"status-publish","4":"has-post-thumbnail","6":"product_brand-cf","7":"product_cat-nocturna","8":"product_cat-paidsaje","9":"product_tag-rocas","10":"product_tag-vialactea","12":"first","13":"instock","14":"taxable","15":"shipping-taxable","16":"purchasable","17":"product-type-variable","18":"has-default-attributes"},"_links":{"self":[{"href":"https:\/\/ventas.fotochema.org\/index.php\/wp-json\/wp\/v2\/product\/171","targetHints":{"allow":["GET"]}}],"collection":[{"href":"https:\/\/ventas.fotochema.org\/index.php\/wp-json\/wp\/v2\/product"}],"about":[{"href":"https:\/\/ventas.fotochema.org\/index.php\/wp-json\/wp\/v2\/types\/product"}],"wp:featuredmedia":[{"embeddable":true,"href":"https:\/\/ventas.fotochema.org\/index.php\/wp-json\/wp\/v2\/media\/359"}],"wp:attachment":[{"href":"https:\/\/ventas.fotochema.org\/index.php\/wp-json\/wp\/v2\/media?parent=171"}],"wp:term":[{"taxonomy":"product_brand","embeddable":true,"href":"https:\/\/ventas.fotochema.org\/index.php\/wp-json\/wp\/v2\/product_brand?post=171"},{"taxonomy":"product_cat","embeddable":true,"href":"https:\/\/ventas.fotochema.org\/index.php\/wp-json\/wp\/v2\/product_cat?post=171"},{"taxonomy":"product_tag","embeddable":true,"href":"https:\/\/ventas.fotochema.org\/index.php\/wp-json\/wp\/v2\/product_tag?post=171"}],"curies":[{"name":"wp","href":"https:\/\/api.w.org\/{rel}","templated":true}]}}