{"id":372,"date":"2025-07-11T18:12:28","date_gmt":"2025-07-11T18:12:28","guid":{"rendered":"https:\/\/ventas.fotochema.org\/?post_type=product&#038;p=372"},"modified":"2025-09-12T23:58:19","modified_gmt":"2025-09-12T21:58:19","slug":"soledad","status":"publish","type":"product","link":"https:\/\/ventas.fotochema.org\/index.php\/producto\/soledad\/","title":{"rendered":"Soledad"},"content":{"rendered":"<p data-start=\"230\" data-end=\"515\">Guardi\u00e1n silencioso del pinar que fue.<\/p>\n<p data-start=\"230\" data-end=\"515\">Este pino es uno de los pocos que sobrevivieron al gran incendio de Guadalajara en 2005. Su silueta, recortada contra el cielo, habla de resistencia, memoria y esperanza.<\/p>\n<p data-start=\"230\" data-end=\"515\">Sirva esta imagen como homenaje a quienes lo dieron todo, y como recordatorio de que la prevenci\u00f3n es responsabilidad de todos.<\/p>\n<p data-start=\"230\" data-end=\"515\"><strong>No olvidemos. No repitamos.<\/strong><\/p>\n<p data-start=\"517\" data-end=\"655\">Impresi\u00f3n en materiales de alta calidad, con m\u00e1xima fidelidad crom\u00e1tica y durabilidad.<br data-start=\"607\" data-end=\"610\" \/>Edici\u00f3n limitada, numerada y certificada.<\/p>\n","protected":false},"excerpt":{"rendered":"<p>Impresi\u00f3n en materiales de alta calidad, con m\u00e1xima fidelidad crom\u00e1tica y durabilidad.<br data-start=\"607\" data-end=\"610\" \/>Edici\u00f3n limitada, numerada y certificada.<\/p>\n<p>&nbsp;<\/p>\n","protected":false},"featured_media":366,"template":"","meta":[],"product_brand":[33],"product_cat":[26,28],"product_tag":[32,29],"class_list":{"0":"post-372","1":"product","2":"type-product","3":"status-publish","4":"has-post-thumbnail","6":"product_brand-cf","7":"product_cat-nocturna","8":"product_cat-paidsaje","9":"product_tag-arbol","10":"product_tag-vialactea","12":"first","13":"instock","14":"taxable","15":"shipping-taxable","16":"purchasable","17":"product-type-variable","18":"has-default-attributes"},"_links":{"self":[{"href":"https:\/\/ventas.fotochema.org\/index.php\/wp-json\/wp\/v2\/product\/372","targetHints":{"allow":["GET"]}}],"collection":[{"href":"https:\/\/ventas.fotochema.org\/index.php\/wp-json\/wp\/v2\/product"}],"about":[{"href":"https:\/\/ventas.fotochema.org\/index.php\/wp-json\/wp\/v2\/types\/product"}],"wp:featuredmedia":[{"embeddable":true,"href":"https:\/\/ventas.fotochema.org\/index.php\/wp-json\/wp\/v2\/media\/366"}],"wp:attachment":[{"href":"https:\/\/ventas.fotochema.org\/index.php\/wp-json\/wp\/v2\/media?parent=372"}],"wp:term":[{"taxonomy":"product_brand","embeddable":true,"href":"https:\/\/ventas.fotochema.org\/index.php\/wp-json\/wp\/v2\/product_brand?post=372"},{"taxonomy":"product_cat","embeddable":true,"href":"https:\/\/ventas.fotochema.org\/index.php\/wp-json\/wp\/v2\/product_cat?post=372"},{"taxonomy":"product_tag","embeddable":true,"href":"https:\/\/ventas.fotochema.org\/index.php\/wp-json\/wp\/v2\/product_tag?post=372"}],"curies":[{"name":"wp","href":"https:\/\/api.w.org\/{rel}","templated":true}]}}