{"id":397,"date":"2025-07-11T18:28:44","date_gmt":"2025-07-11T18:28:44","guid":{"rendered":"https:\/\/ventas.fotochema.org\/?post_type=product&#038;p=397"},"modified":"2025-09-12T23:56:31","modified_gmt":"2025-09-12T21:56:31","slug":"caserio","status":"publish","type":"product","link":"https:\/\/ventas.fotochema.org\/index.php\/producto\/caserio\/","title":{"rendered":"El viejo caser\u00edo"},"content":{"rendered":"<p data-start=\"198\" data-end=\"488\">Las ruinas de este caser\u00edo, abiertas al cielo y al silencio, conservan la huella de una vida rural ya desaparecida. Cada ventana vac\u00eda deja escapar una historia.<\/p>\n<p data-start=\"198\" data-end=\"488\">Bajo las estrellas, la casa alberga recuerdos de otros tiempos.<\/p>\n<p data-start=\"490\" data-end=\"628\">Impresi\u00f3n en materiales de alta calidad, con m\u00e1xima fidelidad crom\u00e1tica y durabilidad.<\/p>\n","protected":false},"excerpt":{"rendered":"<p>Impresi\u00f3n en materiales de alta calidad, con m\u00e1xima fidelidad crom\u00e1tica y durabilidad.<br data-start=\"580\" data-end=\"583\" \/>Edici\u00f3n limitada, numerada y certificada.<\/p>\n<p>&nbsp;<\/p>\n","protected":false},"featured_media":577,"template":"","meta":[],"product_brand":[33],"product_cat":[26,28],"product_tag":[34,35],"class_list":{"0":"post-397","1":"product","2":"type-product","3":"status-publish","4":"has-post-thumbnail","6":"product_brand-cf","7":"product_cat-nocturna","8":"product_cat-paidsaje","9":"product_tag-abandonao","10":"product_tag-arquitectura","12":"first","13":"instock","14":"taxable","15":"shipping-taxable","16":"purchasable","17":"product-type-variable","18":"has-default-attributes"},"_links":{"self":[{"href":"https:\/\/ventas.fotochema.org\/index.php\/wp-json\/wp\/v2\/product\/397","targetHints":{"allow":["GET"]}}],"collection":[{"href":"https:\/\/ventas.fotochema.org\/index.php\/wp-json\/wp\/v2\/product"}],"about":[{"href":"https:\/\/ventas.fotochema.org\/index.php\/wp-json\/wp\/v2\/types\/product"}],"wp:featuredmedia":[{"embeddable":true,"href":"https:\/\/ventas.fotochema.org\/index.php\/wp-json\/wp\/v2\/media\/577"}],"wp:attachment":[{"href":"https:\/\/ventas.fotochema.org\/index.php\/wp-json\/wp\/v2\/media?parent=397"}],"wp:term":[{"taxonomy":"product_brand","embeddable":true,"href":"https:\/\/ventas.fotochema.org\/index.php\/wp-json\/wp\/v2\/product_brand?post=397"},{"taxonomy":"product_cat","embeddable":true,"href":"https:\/\/ventas.fotochema.org\/index.php\/wp-json\/wp\/v2\/product_cat?post=397"},{"taxonomy":"product_tag","embeddable":true,"href":"https:\/\/ventas.fotochema.org\/index.php\/wp-json\/wp\/v2\/product_tag?post=397"}],"curies":[{"name":"wp","href":"https:\/\/api.w.org\/{rel}","templated":true}]}}