{"id":481,"date":"2025-07-12T10:47:08","date_gmt":"2025-07-12T10:47:08","guid":{"rendered":"https:\/\/ventas.fotochema.org\/?post_type=product&#038;p=481"},"modified":"2025-09-12T23:56:18","modified_gmt":"2025-09-12T21:56:18","slug":"artesones","status":"publish","type":"product","link":"https:\/\/ventas.fotochema.org\/index.php\/producto\/artesones\/","title":{"rendered":"Los Artesones"},"content":{"rendered":"<p data-start=\"240\" data-end=\"507\">Formas caprichosas talladas por el tiempo se alzan entre las cenizas de los pinares como esculturas dormidas bajo las estrellas.<\/p>\n<p data-start=\"509\" data-end=\"647\">Impresi\u00f3n en materiales de alta calidad, con m\u00e1xima fidelidad crom\u00e1tica y durabilidad.<br data-start=\"599\" data-end=\"602\" \/>Edici\u00f3n limitada, numerada y certificada.<\/p>\n","protected":false},"excerpt":{"rendered":"<p>Impresi\u00f3n en materiales de alta calidad, con m\u00e1xima fidelidad crom\u00e1tica y durabilidad.<br data-start=\"599\" data-end=\"602\" \/>Edici\u00f3n limitada, numerada y certificada.<\/p>\n<p>&nbsp;<\/p>\n","protected":false},"featured_media":579,"template":"","meta":[],"product_brand":[33],"product_cat":[26,28],"product_tag":[32,31],"class_list":{"0":"post-481","1":"product","2":"type-product","3":"status-publish","4":"has-post-thumbnail","6":"product_brand-cf","7":"product_cat-nocturna","8":"product_cat-paidsaje","9":"product_tag-arbol","10":"product_tag-rocas","12":"first","13":"instock","14":"taxable","15":"shipping-taxable","16":"purchasable","17":"product-type-variable","18":"has-default-attributes"},"_links":{"self":[{"href":"https:\/\/ventas.fotochema.org\/index.php\/wp-json\/wp\/v2\/product\/481","targetHints":{"allow":["GET"]}}],"collection":[{"href":"https:\/\/ventas.fotochema.org\/index.php\/wp-json\/wp\/v2\/product"}],"about":[{"href":"https:\/\/ventas.fotochema.org\/index.php\/wp-json\/wp\/v2\/types\/product"}],"wp:featuredmedia":[{"embeddable":true,"href":"https:\/\/ventas.fotochema.org\/index.php\/wp-json\/wp\/v2\/media\/579"}],"wp:attachment":[{"href":"https:\/\/ventas.fotochema.org\/index.php\/wp-json\/wp\/v2\/media?parent=481"}],"wp:term":[{"taxonomy":"product_brand","embeddable":true,"href":"https:\/\/ventas.fotochema.org\/index.php\/wp-json\/wp\/v2\/product_brand?post=481"},{"taxonomy":"product_cat","embeddable":true,"href":"https:\/\/ventas.fotochema.org\/index.php\/wp-json\/wp\/v2\/product_cat?post=481"},{"taxonomy":"product_tag","embeddable":true,"href":"https:\/\/ventas.fotochema.org\/index.php\/wp-json\/wp\/v2\/product_tag?post=481"}],"curies":[{"name":"wp","href":"https:\/\/api.w.org\/{rel}","templated":true}]}}