{"id":500,"date":"2025-07-12T11:00:04","date_gmt":"2025-07-12T11:00:04","guid":{"rendered":"https:\/\/ventas.fotochema.org\/?post_type=product&#038;p=500"},"modified":"2025-09-12T23:56:08","modified_gmt":"2025-09-12T21:56:08","slug":"belchite","status":"publish","type":"product","link":"https:\/\/ventas.fotochema.org\/index.php\/producto\/belchite\/","title":{"rendered":"Belchite"},"content":{"rendered":"<p data-start=\"217\" data-end=\"505\">Las ruinas de San Agust\u00edn se abren como una herida de piedra en la memoria. El templo, destruido en\u00a0 la Guerra Civil, revela en su silencio nocturno, una historia que no debe olvidarse.<\/p>\n<p data-start=\"507\" data-end=\"645\">Impresi\u00f3n en materiales de alta calidad, con m\u00e1xima fidelidad crom\u00e1tica y durabilidad.<br data-start=\"597\" data-end=\"600\" \/>Edici\u00f3n limitada, numerada y certificada.<\/p>\n","protected":false},"excerpt":{"rendered":"<p>Impresi\u00f3n en materiales de alta calidad, con m\u00e1xima fidelidad crom\u00e1tica y durabilidad.<br data-start=\"597\" data-end=\"600\" \/>Edici\u00f3n limitada, numerada y certificada.<\/p>\n<p>&nbsp;<\/p>\n","protected":false},"featured_media":428,"template":"","meta":[],"product_brand":[33],"product_cat":[26],"product_tag":[35,37,36],"class_list":{"0":"post-500","1":"product","2":"type-product","3":"status-publish","4":"has-post-thumbnail","6":"product_brand-cf","7":"product_cat-nocturna","8":"product_tag-arquitectura","9":"product_tag-monumento","10":"product_tag-ruinas","12":"first","13":"instock","14":"taxable","15":"shipping-taxable","16":"purchasable","17":"product-type-variable","18":"has-default-attributes"},"_links":{"self":[{"href":"https:\/\/ventas.fotochema.org\/index.php\/wp-json\/wp\/v2\/product\/500","targetHints":{"allow":["GET"]}}],"collection":[{"href":"https:\/\/ventas.fotochema.org\/index.php\/wp-json\/wp\/v2\/product"}],"about":[{"href":"https:\/\/ventas.fotochema.org\/index.php\/wp-json\/wp\/v2\/types\/product"}],"wp:featuredmedia":[{"embeddable":true,"href":"https:\/\/ventas.fotochema.org\/index.php\/wp-json\/wp\/v2\/media\/428"}],"wp:attachment":[{"href":"https:\/\/ventas.fotochema.org\/index.php\/wp-json\/wp\/v2\/media?parent=500"}],"wp:term":[{"taxonomy":"product_brand","embeddable":true,"href":"https:\/\/ventas.fotochema.org\/index.php\/wp-json\/wp\/v2\/product_brand?post=500"},{"taxonomy":"product_cat","embeddable":true,"href":"https:\/\/ventas.fotochema.org\/index.php\/wp-json\/wp\/v2\/product_cat?post=500"},{"taxonomy":"product_tag","embeddable":true,"href":"https:\/\/ventas.fotochema.org\/index.php\/wp-json\/wp\/v2\/product_tag?post=500"}],"curies":[{"name":"wp","href":"https:\/\/api.w.org\/{rel}","templated":true}]}}