{"id":602,"date":"2025-07-16T21:11:43","date_gmt":"2025-07-16T21:11:43","guid":{"rendered":"https:\/\/ventas.fotochema.org\/?post_type=product&#038;p=602"},"modified":"2025-09-12T23:57:59","modified_gmt":"2025-09-12T21:57:59","slug":"abellaneda","status":"publish","type":"product","link":"https:\/\/ventas.fotochema.org\/index.php\/producto\/abellaneda\/","title":{"rendered":"Arqueolog\u00eda industrial"},"content":{"rendered":"<p data-start=\"285\" data-end=\"619\">Hoy, bajo las estrellas, la antigua resinera dormita en silencio, convertida en testimonio de un tiempo pasado. A comienzos del siglo XX, su actividad llev\u00f3 prosperidad a estas tierras, hoy marcadas por el abandono que define a la Espa\u00f1a despoblada.<\/p>\n<p data-start=\"621\" data-end=\"759\">Impresi\u00f3n en materiales de alta calidad, con m\u00e1xima fidelidad crom\u00e1tica y durabilidad.<br data-start=\"711\" data-end=\"714\" \/>Edici\u00f3n limitada, numerada y certificada.<\/p>\n","protected":false},"excerpt":{"rendered":"<p>Impresi\u00f3n en materiales de alta calidad, con m\u00e1xima fidelidad crom\u00e1tica y durabilidad.<br data-start=\"711\" data-end=\"714\" \/>Edici\u00f3n limitada, numerada y certificada.<\/p>\n<p>&nbsp;<\/p>\n","protected":false},"featured_media":439,"template":"","meta":[],"product_brand":[33],"product_cat":[26],"product_tag":[35,36],"class_list":{"0":"post-602","1":"product","2":"type-product","3":"status-publish","4":"has-post-thumbnail","6":"product_brand-cf","7":"product_cat-nocturna","8":"product_tag-arquitectura","9":"product_tag-ruinas","11":"first","12":"instock","13":"taxable","14":"shipping-taxable","15":"purchasable","16":"product-type-variable","17":"has-default-attributes"},"_links":{"self":[{"href":"https:\/\/ventas.fotochema.org\/index.php\/wp-json\/wp\/v2\/product\/602","targetHints":{"allow":["GET"]}}],"collection":[{"href":"https:\/\/ventas.fotochema.org\/index.php\/wp-json\/wp\/v2\/product"}],"about":[{"href":"https:\/\/ventas.fotochema.org\/index.php\/wp-json\/wp\/v2\/types\/product"}],"wp:featuredmedia":[{"embeddable":true,"href":"https:\/\/ventas.fotochema.org\/index.php\/wp-json\/wp\/v2\/media\/439"}],"wp:attachment":[{"href":"https:\/\/ventas.fotochema.org\/index.php\/wp-json\/wp\/v2\/media?parent=602"}],"wp:term":[{"taxonomy":"product_brand","embeddable":true,"href":"https:\/\/ventas.fotochema.org\/index.php\/wp-json\/wp\/v2\/product_brand?post=602"},{"taxonomy":"product_cat","embeddable":true,"href":"https:\/\/ventas.fotochema.org\/index.php\/wp-json\/wp\/v2\/product_cat?post=602"},{"taxonomy":"product_tag","embeddable":true,"href":"https:\/\/ventas.fotochema.org\/index.php\/wp-json\/wp\/v2\/product_tag?post=602"}],"curies":[{"name":"wp","href":"https:\/\/api.w.org\/{rel}","templated":true}]}}