{"id":618,"date":"2025-07-16T21:18:04","date_gmt":"2025-07-16T21:18:04","guid":{"rendered":"https:\/\/ventas.fotochema.org\/?post_type=product&#038;p=618"},"modified":"2025-09-12T23:55:43","modified_gmt":"2025-09-12T21:55:43","slug":"fuente","status":"publish","type":"product","link":"https:\/\/ventas.fotochema.org\/index.php\/producto\/fuente\/","title":{"rendered":"Fuente de estrellas"},"content":{"rendered":"<p data-start=\"152\" data-end=\"362\">Fuente de piedra al abrigo de la noche, donde la V\u00eda L\u00e1ctea fluye como un manantial.<\/p>\n<p data-start=\"364\" data-end=\"502\">Impresi\u00f3n en materiales de alta calidad, con m\u00e1xima fidelidad crom\u00e1tica y durabilidad.<br data-start=\"454\" data-end=\"457\" \/>Edici\u00f3n limitada, numerada y certificada.<\/p>\n","protected":false},"excerpt":{"rendered":"<p>Impresi\u00f3n en materiales de alta calidad, con m\u00e1xima fidelidad crom\u00e1tica y durabilidad.<br data-start=\"454\" data-end=\"457\" \/>Edici\u00f3n limitada, numerada y certificada.<\/p>\n<p>&nbsp;<\/p>\n","protected":false},"featured_media":446,"template":"","meta":[],"product_brand":[33],"product_cat":[26,28],"product_tag":[38,39,29],"class_list":{"0":"post-618","1":"product","2":"type-product","3":"status-publish","4":"has-post-thumbnail","6":"product_brand-cf","7":"product_cat-nocturna","8":"product_cat-paidsaje","9":"product_tag-ermita","10":"product_tag-fuente","11":"product_tag-vialactea","13":"first","14":"instock","15":"taxable","16":"shipping-taxable","17":"purchasable","18":"product-type-variable","19":"has-default-attributes"},"_links":{"self":[{"href":"https:\/\/ventas.fotochema.org\/index.php\/wp-json\/wp\/v2\/product\/618","targetHints":{"allow":["GET"]}}],"collection":[{"href":"https:\/\/ventas.fotochema.org\/index.php\/wp-json\/wp\/v2\/product"}],"about":[{"href":"https:\/\/ventas.fotochema.org\/index.php\/wp-json\/wp\/v2\/types\/product"}],"wp:featuredmedia":[{"embeddable":true,"href":"https:\/\/ventas.fotochema.org\/index.php\/wp-json\/wp\/v2\/media\/446"}],"wp:attachment":[{"href":"https:\/\/ventas.fotochema.org\/index.php\/wp-json\/wp\/v2\/media?parent=618"}],"wp:term":[{"taxonomy":"product_brand","embeddable":true,"href":"https:\/\/ventas.fotochema.org\/index.php\/wp-json\/wp\/v2\/product_brand?post=618"},{"taxonomy":"product_cat","embeddable":true,"href":"https:\/\/ventas.fotochema.org\/index.php\/wp-json\/wp\/v2\/product_cat?post=618"},{"taxonomy":"product_tag","embeddable":true,"href":"https:\/\/ventas.fotochema.org\/index.php\/wp-json\/wp\/v2\/product_tag?post=618"}],"curies":[{"name":"wp","href":"https:\/\/api.w.org\/{rel}","templated":true}]}}