{"id":723,"date":"2025-07-18T10:02:25","date_gmt":"2025-07-18T10:02:25","guid":{"rendered":"https:\/\/ventas.fotochema.org\/?post_type=product&#038;p=723"},"modified":"2025-09-12T23:54:47","modified_gmt":"2025-09-12T21:54:47","slug":"torresanmiguel","status":"publish","type":"product","link":"https:\/\/ventas.fotochema.org\/index.php\/producto\/torresanmiguel\/","title":{"rendered":"Torre de San Miguel"},"content":{"rendered":"<p>\u00danico vestigio de la iglesia rom\u00e1nica de San Miguel en Yanguas (Soria). De estilo rom\u00e1nico con influencias lombardas<\/p>\n<p>Imagen que une patrimonio, paisaje, tiempo y luz.<\/p>\n<p>Impresa en materiales de alta calidad para garantizar su durabilidad y fidelidad crom\u00e1tica.<\/p>\n<p>Edici\u00f3n limitada, numerada y certificada.<\/p>\n<p>&nbsp;<\/p>\n","protected":false},"excerpt":{"rendered":"<p>Impresi\u00f3n en materiales de alta calidad para garantizar su durabilidad y fidelidad crom\u00e1tica.<\/p>\n<p>Edici\u00f3n limitada, numerada y certificada.<\/p>\n<p>&nbsp;<\/p>\n<p>&nbsp;<\/p>\n","protected":false},"featured_media":470,"template":"","meta":[],"product_brand":[33],"product_cat":[26],"product_tag":[35,45],"class_list":{"0":"post-723","1":"product","2":"type-product","3":"status-publish","4":"has-post-thumbnail","6":"product_brand-cf","7":"product_cat-nocturna","8":"product_tag-arquitectura","9":"product_tag-torre","11":"first","12":"instock","13":"taxable","14":"shipping-taxable","15":"purchasable","16":"product-type-variable","17":"has-default-attributes"},"_links":{"self":[{"href":"https:\/\/ventas.fotochema.org\/index.php\/wp-json\/wp\/v2\/product\/723","targetHints":{"allow":["GET"]}}],"collection":[{"href":"https:\/\/ventas.fotochema.org\/index.php\/wp-json\/wp\/v2\/product"}],"about":[{"href":"https:\/\/ventas.fotochema.org\/index.php\/wp-json\/wp\/v2\/types\/product"}],"wp:featuredmedia":[{"embeddable":true,"href":"https:\/\/ventas.fotochema.org\/index.php\/wp-json\/wp\/v2\/media\/470"}],"wp:attachment":[{"href":"https:\/\/ventas.fotochema.org\/index.php\/wp-json\/wp\/v2\/media?parent=723"}],"wp:term":[{"taxonomy":"product_brand","embeddable":true,"href":"https:\/\/ventas.fotochema.org\/index.php\/wp-json\/wp\/v2\/product_brand?post=723"},{"taxonomy":"product_cat","embeddable":true,"href":"https:\/\/ventas.fotochema.org\/index.php\/wp-json\/wp\/v2\/product_cat?post=723"},{"taxonomy":"product_tag","embeddable":true,"href":"https:\/\/ventas.fotochema.org\/index.php\/wp-json\/wp\/v2\/product_tag?post=723"}],"curies":[{"name":"wp","href":"https:\/\/api.w.org\/{rel}","templated":true}]}}